{"id":33,"date":"2021-02-13T11:52:38","date_gmt":"2021-02-13T11:52:38","guid":{"rendered":"https:\/\/plombierung.at\/?page_id=33"},"modified":"2021-02-14T17:36:06","modified_gmt":"2021-02-14T17:36:06","slug":"behordliche-vorgaben","status":"publish","type":"page","link":"https:\/\/plombierung.at\/?page_id=33","title":{"rendered":"Beh\u00f6rdliche Vorgaben"},"content":{"rendered":"\n<h2 class=\"wp-block-heading\">Limitierung und Plombierung: Beh\u00f6rdliche Vorgaben<\/h2>\n\n\n\n<p>Eine Limitierung und Plombierug erfolgt stets auf Basis beh\u00f6rdlicher Vorgaben. Dazu haben Sie von der Beh\u00f6rde ein entsprechendes Schreiben erhalten, das die einzuhaltenden Werte festschreibt. Nach dem Einmessen, der Limitierung und der Plombierung der Musikalage erhalten Sie von uns den Messbericht zur Vorlage.<\/p>\n\n\n\n<figure class=\"wp-block-image size-large is-style-default\"><img loading=\"lazy\" decoding=\"async\" width=\"750\" height=\"350\" src=\"https:\/\/plombierung.at\/wp-content\/uploads\/2021\/02\/Siegel.gif\" alt=\"Musikanlage plombieren\" class=\"wp-image-133\"\/><figcaption>Siegel einer Limitierung und Plombierung: Ein im Falle einer Manipulation selbstzerst\u00f6rendes Siegeletikett.<\/figcaption><\/figure>\n\n\n\n<p>In der Regel schreiben die Beh\u00f6rden Ihnen als Betreiber der Musikanlage bis zu vier Werte vor, die durch Limitierung und Plombierung einzuhalten bzw. nicht zu \u00fcberschreiten sind. Konkret geht es dabei um:<\/p>\n\n\n\n<ul class=\"wp-block-list\"><li>A-bewerteter energie\u00e4quivalenter Dauerschallpegel (LAeq)<\/li><li>A-bewerteter Spitzenpegel (LAmax)<\/li><li>C-bewerteter energie\u00e4quivalenter Dauerschallpegel (LCeq)<\/li><li>C-bewerteter Spitzenpegel (LAmax)<\/li><\/ul>\n\n\n\n<figure class=\"wp-block-image size-large is-style-default\"><img loading=\"lazy\" decoding=\"async\" width=\"1024\" height=\"683\" src=\"https:\/\/plombierung.at\/wp-content\/uploads\/2021\/02\/Vorschrift3-1024x683.jpg\" alt=\"Musikanlage limitieren\" class=\"wp-image-134\" srcset=\"https:\/\/plombierung.at\/wp-content\/uploads\/2021\/02\/Vorschrift3-1024x683.jpg 1024w, https:\/\/plombierung.at\/wp-content\/uploads\/2021\/02\/Vorschrift3-300x200.jpg 300w, https:\/\/plombierung.at\/wp-content\/uploads\/2021\/02\/Vorschrift3-768x512.jpg 768w, https:\/\/plombierung.at\/wp-content\/uploads\/2021\/02\/Vorschrift3-1536x1024.jpg 1536w, https:\/\/plombierung.at\/wp-content\/uploads\/2021\/02\/Vorschrift3.jpg 1600w\" sizes=\"auto, (max-width: 706px) 89vw, (max-width: 767px) 82vw, 740px\" \/><figcaption>Beispiel eines beh\u00f6rdlichen Bescheids zur k\u00f6rperschallentkoppelten Montage sowie Maximalpegel.<\/figcaption><\/figure>\n\n\n\n<h2 class=\"wp-block-heading\">Limitierung und Plombierung der Musikanlage &#8211; Details beachten!<\/h2>\n\n\n\n<p>Wenn es um die Limitierung und Plombierung der Musikanlage geht, m\u00fcssen abgesehen von den blo\u00dfen Werten (Angabe in Dezibel bzw. &#8222;dB&#8220;) auch noch die Details des beh\u00f6rdlichen Bescheids beachtet werden. Nur dann ist eine zuverl\u00e4ssige und g\u00fcltige Messung und anschlie\u00dfende Limitierung und Plombierung der Musikanlage zul\u00e4ssig.<\/p>\n\n\n\n<p>Vereinfacht gesagt bedeutet das, dass eine Messung beispielsweise nicht im Nebenraum, sondern in der Mitte des betreffenden Raums \/ Bereichs stattzufinden hat. Eine Messung an einem anderen Punkt w\u00fcrde einen verf\u00e4lschten Wert ergeben: W\u00fcrde man die angegebenen Dezibel beispielsweise eben aus dem benachbarten Raum heraus messen, dann w\u00e4re davon auszugehen, dass dieser Wert nichts mit der Realit\u00e4t zu tun h\u00e4tte. Im betreffenden Bereich w\u00e4re es dann ja deutlich lauter. Ein durchaus wesentlicher Gesichtspunkt ist die akkurate Einstellung des Signals durch Implementierung eines Equalizers: <a href=\"https:\/\/plombierung.at\/?page_id=52\" target=\"_blank\" rel=\"noreferrer noopener\" title=\"Einmessung\">Eine gut eingestellte Tonanlage kann auch bei niedrigeren Pegel eine h\u00f6here Lautheit haben.<\/a><\/p>\n\n\n\n<p>Vorgeschrieben werden beispielsweise eben ein konkreter Messpunkt sowie eine H\u00f6he und Positionierung des Messinstruments w\u00e4hrend der Messung. Dar\u00fcber hinaus k\u00f6nnen &#8211; zur Vermeidung von Schwingungs\u00fcbertragung (K\u00f6rperschall) auch weitere bauliche Ma\u00dfnahmen vorgeschrieben werden. <\/p>\n\n\n\n<h2 class=\"wp-block-heading\">K\u00f6rperschallentkoppelte Montage der Lautsprecher<\/h2>\n\n\n\n<p>Eine nahezu immer zu erf\u00fcllende Auflage ist die k\u00f6rperschallentkoppelte Montage der Lautsprecher. Dadurch soll erreicht werden, dass etwaige Schallenergie, die ein Lautsprecher durch beispielsweise Geh\u00e4usevibrationen w\u00e4hrend der Wiedergabe den Boden, die Decke oder die Wand zum Schwingen anregt. Diese direkte Energie\u00fcbertragung vom Lautsprecher an den Montageort soll durch eine k\u00f6rperschallentkoppelte Montage vermieden oder zumindest maximal reduziert werden.<\/p>\n\n\n\n<figure class=\"wp-block-image size-large is-style-default\"><img loading=\"lazy\" decoding=\"async\" width=\"1024\" height=\"683\" src=\"https:\/\/plombierung.at\/wp-content\/uploads\/2021\/02\/Vorschrift2-1024x683.jpg\" alt=\"Tonanlage plombieren\" class=\"wp-image-135\" srcset=\"https:\/\/plombierung.at\/wp-content\/uploads\/2021\/02\/Vorschrift2-1024x683.jpg 1024w, https:\/\/plombierung.at\/wp-content\/uploads\/2021\/02\/Vorschrift2-300x200.jpg 300w, https:\/\/plombierung.at\/wp-content\/uploads\/2021\/02\/Vorschrift2-768x512.jpg 768w, https:\/\/plombierung.at\/wp-content\/uploads\/2021\/02\/Vorschrift2-1536x1024.jpg 1536w, https:\/\/plombierung.at\/wp-content\/uploads\/2021\/02\/Vorschrift2.jpg 1600w\" sizes=\"auto, (max-width: 706px) 89vw, (max-width: 767px) 82vw, 740px\" \/><figcaption>Beispiel eines Auflagenkatalogs. Diese Bedingungen m\u00fcssen nebst Einhaltung der Pegelwerte erf\u00fcllt werden.<\/figcaption><\/figure>\n\n\n\n<p>Es ist daher im Zuge einer Einmessung, Limitierung und Plombierung einer Tonanlage oft auch eine Neu-Installation der vorhandenen Lautsprecher notwendig, um auch diesen Punkt im Auflagenkatalog der Beh\u00f6rden zu erf\u00fcllen. Dabei kommen spezielle Lautsprecher-Halterungen zum Einsatz, die keine starre Verbindung zwischen Montagefl\u00e4che (Boden, Wand, Decke etc., &#8230;) herstellen. <\/p>\n\n\n\n<h2 class=\"wp-block-heading\">Limitierung und Plombierung: Installation, Service und Verleih<\/h2>\n\n\n\n<p>Eine Einmessung, Limitierung und Plombierung einer Musikanlage samt Befunderstellung dauert in der Regel nur wenige Tage.  Sind zus\u00e4tzliche Arbeiten n\u00f6tig, k\u00f6nnen diese direkt und in einem Zuge erledigt werden. Als Kund\/In greifen Sie gegebenen Falles auch auf ein breites Angebot zum <a href=\"https:\/\/beamermieten.at\/\" target=\"_blank\" rel=\"noreferrer noopener\">Verleih von technischer Ausr\u00fcstung<\/a> zur\u00fcck! <\/p>\n","protected":false},"excerpt":{"rendered":"<p>Limitierung und Plombierung: Beh\u00f6rdliche Vorgaben Eine Limitierung und Plombierug erfolgt stets auf Basis beh\u00f6rdlicher Vorgaben. Dazu haben Sie von der Beh\u00f6rde ein entsprechendes Schreiben erhalten, das die einzuhaltenden Werte festschreibt. Nach dem Einmessen, der Limitierung und der Plombierung der Musikalage erhalten Sie von uns den Messbericht zur Vorlage. In der Regel schreiben die Beh\u00f6rden Ihnen &hellip; <\/p>\n<p class=\"link-more\"><a href=\"https:\/\/plombierung.at\/?page_id=33\" class=\"more-link\">Continue reading<span class=\"screen-reader-text\"> &#8222;Beh\u00f6rdliche Vorgaben&#8220;<\/span><\/a><\/p>\n","protected":false},"author":1,"featured_media":0,"parent":0,"menu_order":0,"comment_status":"closed","ping_status":"closed","template":"","meta":{"footnotes":""},"class_list":["post-33","page","type-page","status-publish","hentry"],"aioseo_notices":[],"_links":{"self":[{"href":"https:\/\/plombierung.at\/index.php?rest_route=\/wp\/v2\/pages\/33","targetHints":{"allow":["GET"]}}],"collection":[{"href":"https:\/\/plombierung.at\/index.php?rest_route=\/wp\/v2\/pages"}],"about":[{"href":"https:\/\/plombierung.at\/index.php?rest_route=\/wp\/v2\/types\/page"}],"author":[{"embeddable":true,"href":"https:\/\/plombierung.at\/index.php?rest_route=\/wp\/v2\/users\/1"}],"replies":[{"embeddable":true,"href":"https:\/\/plombierung.at\/index.php?rest_route=%2Fwp%2Fv2%2Fcomments&post=33"}],"version-history":[{"count":3,"href":"https:\/\/plombierung.at\/index.php?rest_route=\/wp\/v2\/pages\/33\/revisions"}],"predecessor-version":[{"id":138,"href":"https:\/\/plombierung.at\/index.php?rest_route=\/wp\/v2\/pages\/33\/revisions\/138"}],"wp:attachment":[{"href":"https:\/\/plombierung.at\/index.php?rest_route=%2Fwp%2Fv2%2Fmedia&parent=33"}],"curies":[{"name":"wp","href":"https:\/\/api.w.org\/{rel}","templated":true}]}}