{"id":35,"date":"2021-02-13T11:52:39","date_gmt":"2021-02-13T11:52:39","guid":{"rendered":"https:\/\/plombierung.at\/?page_id=35"},"modified":"2021-02-13T21:12:07","modified_gmt":"2021-02-13T21:12:07","slug":"discotheken","status":"publish","type":"page","link":"https:\/\/plombierung.at\/?page_id=35","title":{"rendered":"Discotheken"},"content":{"rendered":"\n<h2 class=\"wp-block-heading\">Limitierung und Plombierung f\u00fcr Discotheken. Befunderstellung.<\/h2>\n\n\n\n<p>Limitierung, Plombierung und Befunderstellung ist vor allem f\u00fcr Discotheken oft ein wesentliches und leidliches Thema. Discotheken sind n\u00e4mlich vor allem in der Nachbarschaft oft gut bekannt. Umso mehr ist ein striktes Einhalten beh\u00f6rdlich vorgeschriebener Pegel-Maximalwerte f\u00fcr das friedliche Miteinander lebensnotwendig.<\/p>\n\n\n\n<p>Eine ordentlich eingemessene und klanglich optimierte Anlage vollbringt zwar keine Pegelwunder. Sie kann aber dennoch erstaunlich dynamisch klingen und allzu hohe Pegel erst gar nicht notwendig machen. Wir begleiten Sie von der Bestandsaufnahme \u00fcber die Anpassung, (Neu-)Einstellung, Limitierung und Plombierung der Musikanlage bis zur Befunderstellung und -\u00fcbergabe. Die komplette Verfahrensabwicklung ist oft in weniger als einer Woche m\u00f6glich!<\/p>\n\n\n\n<figure class=\"wp-block-image size-large is-style-default\"><img loading=\"lazy\" decoding=\"async\" width=\"1024\" height=\"683\" src=\"https:\/\/plombierung.at\/wp-content\/uploads\/2021\/02\/IMG_20200119_0315092-1-1024x683.jpg\" alt=\"Musikanlage plombieren\" class=\"wp-image-125\" srcset=\"https:\/\/plombierung.at\/wp-content\/uploads\/2021\/02\/IMG_20200119_0315092-1-1024x683.jpg 1024w, https:\/\/plombierung.at\/wp-content\/uploads\/2021\/02\/IMG_20200119_0315092-1-300x200.jpg 300w, https:\/\/plombierung.at\/wp-content\/uploads\/2021\/02\/IMG_20200119_0315092-1-768x512.jpg 768w, https:\/\/plombierung.at\/wp-content\/uploads\/2021\/02\/IMG_20200119_0315092-1-1536x1024.jpg 1536w, https:\/\/plombierung.at\/wp-content\/uploads\/2021\/02\/IMG_20200119_0315092-1.jpg 1600w\" sizes=\"auto, (max-width: 706px) 89vw, (max-width: 767px) 82vw, 740px\" \/><figcaption>Disco-Anlage im Palais-Auersperg. Angesteuert von einem Yamaha-DSP, PowerSoft-Verst\u00e4rkern und JBL-Control-30 Lautsprechern<\/figcaption><\/figure>\n\n\n\n<h2 class=\"wp-block-heading\">Limitierung, Plombierung und Befunderstellung nach Vorgaben der Beh\u00f6rden<\/h2>\n\n\n\n<p>Wir limitieren und plombieren Ihre Musikanlage derart, dass sie den Anforderungen der Beh\u00f6rde entspricht. Das bedeutet in manchen F\u00e4llen mehr Aufwand, als gedacht: Oft wird beispielsweise im Zuge der Befundung Ihrer Musikanlage implizit auch eine Neu-Montage der Lautsprecher vorgeschrieben. Dies ist jedenfalls dann erforderlich, wenn beispielsweise eine k\u00f6rperschallentkoppelte Montage vorgeschrieben wird. Der Aufwand lohnt sich aber.<\/p>\n\n\n\n<p>Daf\u00fcr erhalten Sie im Anschluss den Messbericht bzw. Messbefund. In diesem halten wir nicht nur die gemessenen Werte fest, sondern beschreiben minuti\u00f6s auch den Messvorgang nach den Anforderungen an ein wissenschaftliches Arbeiten. Das bedeutet, dass ein Messvorgang nachvollzieh- und wiederholbar ist und dabei dieselben Ergebnisse liefern wird. <\/p>\n\n\n\n<p>Dazu wird einerseits das genaue Setup der Messung beschrieben und es flie\u00dfen auch r\u00e4umliche- bzw. Umweltparameter, die eine Messung ggf. beeintr\u00e4chtigen \/ verzerren k\u00f6nnen, mit ein. Dies dient dazu, der Beh\u00f6rde einen vollst\u00e4ndigen \u00dcberblick \u00fcber den durchgef\u00fchrten Messvorgang zu erm\u00f6glichen.<\/p>\n\n\n\n<p>Jedenfalls startet wir den Auftrag einer Musikanlagen-Limitierung \/-plombierung sowie schlussendlichen Befunderstellung jedenfalls mit einer Befundaufnahme und einer <a href=\"https:\/\/plombierung.at\/?page_id=52\" title=\"Einmessung\" target=\"_blank\" rel=\"noreferrer noopener\">Einmessung.<\/a> Wenn n\u00f6tig, k\u00f6nnen fehlende Komponenten in vielen F\u00e4llen ganz einfach auch nachger\u00fcstet werden. Ist Zeit Mangelware und werden besondere Ausr\u00fcstungsgegenst\u00e4nde besonders dringend ben\u00f6tigt, k\u00f6nnen Sie auch auf unseren <a href=\"https:\/\/djsetverleih.at\/\" target=\"_blank\" rel=\"noreferrer noopener\">Verleih- und Vermietungsbereich<\/a> zur\u00fcckgreifen.<\/p>\n","protected":false},"excerpt":{"rendered":"<p>Limitierung und Plombierung f\u00fcr Discotheken. Befunderstellung. Limitierung, Plombierung und Befunderstellung ist vor allem f\u00fcr Discotheken oft ein wesentliches und leidliches Thema. Discotheken sind n\u00e4mlich vor allem in der Nachbarschaft oft gut bekannt. Umso mehr ist ein striktes Einhalten beh\u00f6rdlich vorgeschriebener Pegel-Maximalwerte f\u00fcr das friedliche Miteinander lebensnotwendig. Eine ordentlich eingemessene und klanglich optimierte Anlage vollbringt zwar &hellip; <\/p>\n<p class=\"link-more\"><a href=\"https:\/\/plombierung.at\/?page_id=35\" class=\"more-link\">Continue reading<span class=\"screen-reader-text\"> &#8222;Discotheken&#8220;<\/span><\/a><\/p>\n","protected":false},"author":1,"featured_media":0,"parent":0,"menu_order":0,"comment_status":"closed","ping_status":"closed","template":"","meta":{"footnotes":""},"class_list":["post-35","page","type-page","status-publish","hentry"],"aioseo_notices":[],"_links":{"self":[{"href":"https:\/\/plombierung.at\/index.php?rest_route=\/wp\/v2\/pages\/35","targetHints":{"allow":["GET"]}}],"collection":[{"href":"https:\/\/plombierung.at\/index.php?rest_route=\/wp\/v2\/pages"}],"about":[{"href":"https:\/\/plombierung.at\/index.php?rest_route=\/wp\/v2\/types\/page"}],"author":[{"embeddable":true,"href":"https:\/\/plombierung.at\/index.php?rest_route=\/wp\/v2\/users\/1"}],"replies":[{"embeddable":true,"href":"https:\/\/plombierung.at\/index.php?rest_route=%2Fwp%2Fv2%2Fcomments&post=35"}],"version-history":[{"count":6,"href":"https:\/\/plombierung.at\/index.php?rest_route=\/wp\/v2\/pages\/35\/revisions"}],"predecessor-version":[{"id":131,"href":"https:\/\/plombierung.at\/index.php?rest_route=\/wp\/v2\/pages\/35\/revisions\/131"}],"wp:attachment":[{"href":"https:\/\/plombierung.at\/index.php?rest_route=%2Fwp%2Fv2%2Fmedia&parent=35"}],"curies":[{"name":"wp","href":"https:\/\/api.w.org\/{rel}","templated":true}]}}