{"id":53,"date":"2021-02-13T11:54:48","date_gmt":"2021-02-13T11:54:48","guid":{"rendered":"https:\/\/plombierung.at\/?page_id=53"},"modified":"2021-02-14T17:36:09","modified_gmt":"2021-02-14T17:36:09","slug":"plombierung-2","status":"publish","type":"page","link":"https:\/\/plombierung.at\/?page_id=53","title":{"rendered":"Plombierung"},"content":{"rendered":"\n<h2 class=\"wp-block-heading\">Limitierung und Plombierung<\/h2>\n\n\n\n<p>Vor der eigentlichen Plombierung muss eine Tonanlage eingemessen und die beh\u00f6rdlich vorgeschriebenen Pegelwerte durch eine Limitierung fixiert werden. Dies sorgt daf\u00fcr, dass diese Werte ohne fremdes Zutun bzw. Manipulation nicht \u00fcberschritten werden. Die Plombierung ist dann nichts Anderes als das Versiegeln der Musikanlage. Dadurch wird eine spurenlose Manipulation der Musikanlage ausgeschlossen.<\/p>\n\n\n\n<figure class=\"wp-block-image size-large is-style-default\"><img loading=\"lazy\" decoding=\"async\" width=\"1024\" height=\"683\" src=\"https:\/\/plombierung.at\/wp-content\/uploads\/2021\/02\/IMG_20200824_1259541-1024x683.jpg\" alt=\"Musikanlage plombieren\" class=\"wp-image-164\" srcset=\"https:\/\/plombierung.at\/wp-content\/uploads\/2021\/02\/IMG_20200824_1259541-1024x683.jpg 1024w, https:\/\/plombierung.at\/wp-content\/uploads\/2021\/02\/IMG_20200824_1259541-300x200.jpg 300w, https:\/\/plombierung.at\/wp-content\/uploads\/2021\/02\/IMG_20200824_1259541-768x512.jpg 768w, https:\/\/plombierung.at\/wp-content\/uploads\/2021\/02\/IMG_20200824_1259541-1536x1024.jpg 1536w, https:\/\/plombierung.at\/wp-content\/uploads\/2021\/02\/IMG_20200824_1259541.jpg 1600w\" sizes=\"auto, (max-width: 706px) 89vw, (max-width: 767px) 82vw, 740px\" \/><figcaption>Beispiel-Plombe im Messbericht; Wird vielfach in beh\u00f6rdlichen Kriterienkatalogen gefordert.<\/figcaption><\/figure>\n\n\n\n<p>Die Plombierung selbst nehmen wir mit speziellen Siegeletiketten vor, die zus\u00e4tzlich auch noch vom Gutachter bzw. Sachverst\u00e4ndigen iSd. \u00a71299-ABGB unterfertigt werden. Eine Manipulation der Plombe wird durch eine Selbstzerst\u00f6rung sichtbar. In so einem Fall treten beispielsweise die W\u00f6rter &#8222;ung\u00fcltig&#8220; oder &#8222;void&#8220; durch die Plombe zutage.<\/p>\n\n\n\n<h2 class=\"wp-block-heading\">Plombe verletzt &#8211; Neue Einmessung und Limitierung!<\/h2>\n\n\n\n<p>Ist die Plombe zerst\u00f6rt, endet damit die G\u00fcltigkeit des Messbefunds. Achten Sie daher darauf, die Plombe unter keinen Umst\u00e4nden zu verletzen, weil dies eben eine (kostenpflichtige) neue <a href=\"https:\/\/plombierung.at\/?page_id=52\" target=\"_blank\" rel=\"noreferrer noopener\" title=\"Einmessung\">Einmessung<\/a> und Limitierung Ihrer Musikanlage notwendig macht. Selbst dann, wenn entsprechende Bedienelemente nicht ver\u00e4ndert wurden.<\/p>\n\n\n\n<p>Ist eine Plombe verletzt beziehungsweise ein Siegel gebrochen, so muss die komplette Messung wiederholt und ein neuer Messbefund erstellt werden. Dies ist notwendig, weil anders gegen\u00fcber der Beh\u00f6rde nicht versichert werden kann, dass die ermittelten ud eingestellten Pegelwerte nicht wom\u00f6glich auch unabsichtlich ver\u00e4ndert wurden.<\/p>\n\n\n\n<p>Unterstellt wird dabei keinesfalls automatisch eine bewusste Manipulation oder ein bewusstes Brechen der Plombe \/ Siegel. Auch unabsichtlich k\u00f6nnte beispielsweise im Vorbeigehen eine Plombe verletzt und ein Siegel gebrochen werden.<\/p>\n\n\n\n<h2 class=\"wp-block-heading\">Mobile Tonanlagen plombieren?<\/h2>\n\n\n\n<p>Neben fix installierten Tonanlagen k\u00f6nnen selbstverst\u00e4ndlich auch mobile Systeme limitiert und plombiert werden. Voraussetzung ist, dass die Anlage die n\u00f6tigen Eigenschaften und Ausstattungsmerkmale aufweist. Beispielsweise betrifft das das Vorhandensein eines Limiters bzw. &#8222;elektronischen Dynamikbegrenzers&#8220;. <\/p>\n\n\n\n<p><a href=\"https:\/\/djsetverleih.at\/\" target=\"_blank\" rel=\"noreferrer noopener\">Mieten Sie bei uns Tonanlagen f\u00fcr Show- und Demo-Trucks, Veranstaltungen und B\u00fchnen im Innen- und Au\u00dfenbereich. Mobile Anlagen aus unserem Verleih in Wien und St. P\u00f6lten k\u00f6nnen fertig konfiguriert samt Messbefund geliefert werden.<\/a><\/p>\n","protected":false},"excerpt":{"rendered":"<p>Limitierung und Plombierung Vor der eigentlichen Plombierung muss eine Tonanlage eingemessen und die beh\u00f6rdlich vorgeschriebenen Pegelwerte durch eine Limitierung fixiert werden. Dies sorgt daf\u00fcr, dass diese Werte ohne fremdes Zutun bzw. Manipulation nicht \u00fcberschritten werden. Die Plombierung ist dann nichts Anderes als das Versiegeln der Musikanlage. Dadurch wird eine spurenlose Manipulation der Musikanlage ausgeschlossen. Die &hellip; <\/p>\n<p class=\"link-more\"><a href=\"https:\/\/plombierung.at\/?page_id=53\" class=\"more-link\">Continue reading<span class=\"screen-reader-text\"> &#8222;Plombierung&#8220;<\/span><\/a><\/p>\n","protected":false},"author":1,"featured_media":0,"parent":0,"menu_order":0,"comment_status":"closed","ping_status":"closed","template":"","meta":{"footnotes":""},"class_list":["post-53","page","type-page","status-publish","hentry"],"aioseo_notices":[],"_links":{"self":[{"href":"https:\/\/plombierung.at\/index.php?rest_route=\/wp\/v2\/pages\/53","targetHints":{"allow":["GET"]}}],"collection":[{"href":"https:\/\/plombierung.at\/index.php?rest_route=\/wp\/v2\/pages"}],"about":[{"href":"https:\/\/plombierung.at\/index.php?rest_route=\/wp\/v2\/types\/page"}],"author":[{"embeddable":true,"href":"https:\/\/plombierung.at\/index.php?rest_route=\/wp\/v2\/users\/1"}],"replies":[{"embeddable":true,"href":"https:\/\/plombierung.at\/index.php?rest_route=%2Fwp%2Fv2%2Fcomments&post=53"}],"version-history":[{"count":2,"href":"https:\/\/plombierung.at\/index.php?rest_route=\/wp\/v2\/pages\/53\/revisions"}],"predecessor-version":[{"id":165,"href":"https:\/\/plombierung.at\/index.php?rest_route=\/wp\/v2\/pages\/53\/revisions\/165"}],"wp:attachment":[{"href":"https:\/\/plombierung.at\/index.php?rest_route=%2Fwp%2Fv2%2Fmedia&parent=53"}],"curies":[{"name":"wp","href":"https:\/\/api.w.org\/{rel}","templated":true}]}}